{"id":1449,"date":"2021-08-26T14:56:15","date_gmt":"2021-08-26T12:56:15","guid":{"rendered":"https:\/\/www.evasionmezenc.com\/?page_id=1449"},"modified":"2024-06-12T23:37:35","modified_gmt":"2024-06-12T21:37:35","slug":"la-renovation-en-travaux","status":"publish","type":"page","link":"https:\/\/www.evasionmezenc.com\/index.php\/la-renovation-en-travaux\/","title":{"rendered":"La r\u00e9novation"},"content":{"rendered":"\t\t<div data-elementor-type=\"wp-page\" data-elementor-id=\"1449\" class=\"elementor elementor-1449\" data-elementor-settings=\"[]\">\n\t\t\t<div class=\"elementor-inner\">\n\t\t\t\t<div class=\"elementor-section-wrap\">\n\t\t\t\t\t\t\t<section class=\"elementor-element elementor-element-64ffff9 elementor-section-boxed elementor-section-height-default elementor-section-height-default elementor-section elementor-top-section\" data-id=\"64ffff9\" data-element_type=\"section\">\n\t\t\t\t\t\t<div class=\"elementor-container elementor-column-gap-default\">\n\t\t\t\t<div class=\"elementor-row\">\n\t\t\t\t<div class=\"elementor-element elementor-element-e3a7434 elementor-column elementor-col-100 elementor-top-column\" data-id=\"e3a7434\" data-element_type=\"column\">\n\t\t\t<div class=\"elementor-column-wrap  elementor-element-populated\">\n\t\t\t\t\t<div class=\"elementor-widget-wrap\">\n\t\t\t\t<div class=\"elementor-element elementor-element-5091afa elementor-widget elementor-widget-heading\" data-id=\"5091afa\" data-element_type=\"widget\" data-widget_type=\"heading.default\">\n\t\t\t\t<div class=\"elementor-widget-container\">\n\t\t\t<h2 class=\"elementor-heading-title elementor-size-default\">La r\u00e9novation deMatagot a d\u00e9but\u00e9 en 2024 et de belles choses restent \u00e0 venir<\/h2>\t\t<\/div>\n\t\t\t\t<\/div>\n\t\t\t\t\t\t<\/div>\n\t\t\t<\/div>\n\t\t<\/div>\n\t\t\t\t\t\t<\/div>\n\t\t\t<\/div>\n\t\t<\/section>\n\t\t\t\t<section class=\"elementor-element elementor-element-13bec94 elementor-section-boxed elementor-section-height-default elementor-section-height-default elementor-section elementor-top-section\" data-id=\"13bec94\" data-element_type=\"section\">\n\t\t\t\t\t\t<div class=\"elementor-container elementor-column-gap-default\">\n\t\t\t\t<div class=\"elementor-row\">\n\t\t\t\t<div class=\"elementor-element elementor-element-b742ade elementor-column elementor-col-100 elementor-top-column\" data-id=\"b742ade\" data-element_type=\"column\">\n\t\t\t<div class=\"elementor-column-wrap  elementor-element-populated\">\n\t\t\t\t\t<div class=\"elementor-widget-wrap\">\n\t\t\t\t<div class=\"elementor-element elementor-element-1a428b7 elementor-widget elementor-widget-modula_elementor_gallery\" data-id=\"1a428b7\" data-element_type=\"widget\" data-widget_type=\"modula_elementor_gallery.default\">\n\t\t\t\t<div class=\"elementor-widget-container\">\n\t\t\t<div  id=\"jtg-1500\" class=\"modula modula-gallery modula-custom-grid\" data-config=\"{&quot;height&quot;:800,&quot;tabletHeight&quot;:800,&quot;mobileHeight&quot;:800,&quot;desktopHeight&quot;:800,&quot;enableTwitter&quot;:false,&quot;enableWhatsapp&quot;:false,&quot;enableFacebook&quot;:false,&quot;enablePinterest&quot;:false,&quot;enableLinkedin&quot;:false,&quot;enableEmail&quot;:false,&quot;randomFactor&quot;:0,&quot;type&quot;:&quot;custom-grid&quot;,&quot;columns&quot;:12,&quot;gutter&quot;:10,&quot;mobileGutter&quot;:10,&quot;tabletGutter&quot;:10,&quot;desktopGutter&quot;:10,&quot;enableResponsive&quot;:&quot;0&quot;,&quot;tabletColumns&quot;:2,&quot;mobileColumns&quot;:1,&quot;lazyLoad&quot;:0,&quot;lightboxOpts&quot;:{&quot;animated&quot;:true,&quot;Thumbs&quot;:{&quot;type&quot;:&quot;modern&quot;,&quot;showOnStart&quot;:false},&quot;Toolbar&quot;:{&quot;display&quot;:{&quot;right&quot;:[&quot;close&quot;]},&quot;enabled&quot;:true},&quot;Carousel&quot;:{&quot;Panzoom&quot;:{&quot;touch&quot;:true},&quot;infinite&quot;:false},&quot;keyboard&quot;:{&quot;Escape&quot;:&quot;close&quot;,&quot;Delete&quot;:&quot;close&quot;,&quot;Backspace&quot;:&quot;close&quot;,&quot;PageUp&quot;:false,&quot;PageDown&quot;:false,&quot;ArrowUp&quot;:false,&quot;ArrowDown&quot;:false,&quot;ArrowRight&quot;:false,&quot;ArrowLeft&quot;:false},&quot;touch&quot;:false,&quot;backdropClick&quot;:false,&quot;l10n&quot;:{&quot;CLOSE&quot;:&quot;Close&quot;,&quot;NEXT&quot;:&quot;Next&quot;,&quot;PREV&quot;:&quot;Previous&quot;,&quot;Error&quot;:&quot;The requested content cannot be loaded. Please try again later.&quot;,&quot;PLAY_START&quot;:&quot;Start slideshow&quot;,&quot;PLAY_STOP&quot;:&quot;Pause slideshow&quot;,&quot;FULL_SCREEN&quot;:&quot;Full screen&quot;,&quot;THUMBS&quot;:&quot;Thumbnails&quot;,&quot;DOWNLOAD&quot;:&quot;Download&quot;,&quot;SHARE&quot;:&quot;Share&quot;,&quot;ZOOM&quot;:&quot;Zoom&quot;,&quot;EMAIL&quot;:&quot;Here is the link to the image : %%image_link%% and this is the link to the gallery : %%gallery_link%%&quot;,&quot;MODAL&quot;:&quot;You can close this modal content with the ESC key&quot;,&quot;ERROR&quot;:&quot;Something Went Wrong, Please Try Again Later&quot;,&quot;IMAGE_ERROR&quot;:&quot;Image Not Found&quot;,&quot;ELEMENT_NOT_FOUND&quot;:&quot;HTML Element Not Found&quot;,&quot;AJAX_NOT_FOUND&quot;:&quot;Error Loading AJAX : Not Found&quot;,&quot;AJAX_FORBIDDEN&quot;:&quot;Error Loading AJAX : Forbidden&quot;,&quot;IFRAME_ERROR&quot;:&quot;Error Loading Page&quot;,&quot;TOGGLE_ZOOM&quot;:&quot;Toggle zoom level&quot;,&quot;TOGGLE_THUMBS&quot;:&quot;Toggle thumbnails&quot;,&quot;TOGGLE_SLIDESHOW&quot;:&quot;Toggle slideshow&quot;,&quot;TOGGLE_FULLSCREEN&quot;:&quot;Toggle full-screen mode&quot;},&quot;Images&quot;:{&quot;Panzoom&quot;:{&quot;maxScale&quot;:2}},&quot;mainClass&quot;:&quot;modula-fancybox-container modula-lightbox-jtg-1500&quot;,&quot;Html&quot;:{&quot;videoAutoplay&quot;:0,&quot;videoTpl&quot;:&quot;&lt;video class=\\&quot;fancybox__html5video\\&quot; controls muted playsinline controlsList controlsList=\\&quot;nodownload\\&quot; poster=\\&quot;{{poster}}\\&quot; src=\\&quot;{{src}}\\&quot; type=\\&quot;{{format}}\\&quot; &gt;  Sorry, your browser doesn&#039;t support embedded videos, &lt;a href=\\&quot;{{src}}\\&quot;&gt; download &lt;\\\/a&gt; and watch with your favorite video player! &lt;\\\/video&gt;&quot;}},&quot;inView&quot;:false,&quot;email_subject&quot;:&quot;Check out this awesome image !!&quot;,&quot;email_message&quot;:&quot;Here is the link to the image : %%image_link%% and this is the link to the gallery : %%gallery_link%%&quot;,&quot;lightbox&quot;:&quot;fancybox&quot;}\">\n\n\t\n\t<div  class=\"modula-items\">\n\t\t<div class=\"modula-item\" data-width=\"6\" data-height=\"3\" >\n\t<div class=\"modula-item-content\">\n\t\t\n\t\t\t\t\t<a data-image-id=\"1742\" role=\"button\" data-elementor-open-lightbox=\"no\" tabindex=\"0\" rel=\"jtg-1500\" data-caption=\"\" aria-label=\"Open image in lightbox\" class=\"tile-inner modula-item-link\"><\/a>\n\t\t\n\t\t<img loading=\"lazy\" decoding=\"async\" class=\"pic wp-image-1742\"  data-valign=\"middle\" data-halign=\"center\" alt=\"\" data-full=\"https:\/\/www.evasionmezenc.com\/wp-content\/uploads\/2024\/06\/2a91f32a-60d7-45a4-adee-cf241311bca5.jpg\" title=\"2a91f32a-60d7-45a4-adee-cf241311bca5\" crop=\"\" width=\"1536\" height=\"692\" src=\"https:\/\/www.evasionmezenc.com\/wp-content\/uploads\/2024\/06\/2a91f32a-60d7-45a4-adee-cf241311bca5-1536x692.jpg\" data-src=\"https:\/\/www.evasionmezenc.com\/wp-content\/uploads\/2024\/06\/2a91f32a-60d7-45a4-adee-cf241311bca5-1536x692.jpg\" data-caption=\"\" srcset=\"https:\/\/www.evasionmezenc.com\/wp-content\/uploads\/2024\/06\/2a91f32a-60d7-45a4-adee-cf241311bca5.jpg 2016w, https:\/\/www.evasionmezenc.com\/wp-content\/uploads\/2024\/06\/2a91f32a-60d7-45a4-adee-cf241311bca5-300x135.jpg 300w, https:\/\/www.evasionmezenc.com\/wp-content\/uploads\/2024\/06\/2a91f32a-60d7-45a4-adee-cf241311bca5-1024x461.jpg 1024w, https:\/\/www.evasionmezenc.com\/wp-content\/uploads\/2024\/06\/2a91f32a-60d7-45a4-adee-cf241311bca5-768x346.jpg 768w, https:\/\/www.evasionmezenc.com\/wp-content\/uploads\/2024\/06\/2a91f32a-60d7-45a4-adee-cf241311bca5-1536x692.jpg 1536w, https:\/\/www.evasionmezenc.com\/wp-content\/uploads\/2024\/06\/2a91f32a-60d7-45a4-adee-cf241311bca5-830x374.jpg 830w, https:\/\/www.evasionmezenc.com\/wp-content\/uploads\/2024\/06\/2a91f32a-60d7-45a4-adee-cf241311bca5-230x104.jpg 230w, https:\/\/www.evasionmezenc.com\/wp-content\/uploads\/2024\/06\/2a91f32a-60d7-45a4-adee-cf241311bca5-350x158.jpg 350w, https:\/\/www.evasionmezenc.com\/wp-content\/uploads\/2024\/06\/2a91f32a-60d7-45a4-adee-cf241311bca5-480x216.jpg 480w\" sizes=\"auto, (max-width: 1536px) 100vw, 1536px\" \/>\n\t<\/div>\n\n<\/div><div class=\"modula-item\" data-width=\"3\" data-height=\"4\" >\n\t<div class=\"modula-item-content\">\n\t\t\n\t\t\t\t\t<a data-image-id=\"1745\" role=\"button\" data-elementor-open-lightbox=\"no\" tabindex=\"0\" rel=\"jtg-1500\" data-caption=\"\" aria-label=\"Open image in lightbox\" class=\"tile-inner modula-item-link\"><\/a>\n\t\t\n\t\t<img loading=\"lazy\" decoding=\"async\" class=\"pic wp-image-1745\"  data-valign=\"middle\" data-halign=\"center\" alt=\"\" data-full=\"https:\/\/www.evasionmezenc.com\/wp-content\/uploads\/2024\/06\/4228730d-bd85-4a09-b2e2-7a2c420e8f81.jpg\" title=\"4228730d-bd85-4a09-b2e2-7a2c420e8f81\" crop=\"\" width=\"1536\" height=\"692\" src=\"https:\/\/www.evasionmezenc.com\/wp-content\/uploads\/2024\/06\/4228730d-bd85-4a09-b2e2-7a2c420e8f81-1536x692.jpg\" data-src=\"https:\/\/www.evasionmezenc.com\/wp-content\/uploads\/2024\/06\/4228730d-bd85-4a09-b2e2-7a2c420e8f81-1536x692.jpg\" data-caption=\"\" srcset=\"https:\/\/www.evasionmezenc.com\/wp-content\/uploads\/2024\/06\/4228730d-bd85-4a09-b2e2-7a2c420e8f81.jpg 2016w, https:\/\/www.evasionmezenc.com\/wp-content\/uploads\/2024\/06\/4228730d-bd85-4a09-b2e2-7a2c420e8f81-300x135.jpg 300w, https:\/\/www.evasionmezenc.com\/wp-content\/uploads\/2024\/06\/4228730d-bd85-4a09-b2e2-7a2c420e8f81-1024x461.jpg 1024w, https:\/\/www.evasionmezenc.com\/wp-content\/uploads\/2024\/06\/4228730d-bd85-4a09-b2e2-7a2c420e8f81-768x346.jpg 768w, https:\/\/www.evasionmezenc.com\/wp-content\/uploads\/2024\/06\/4228730d-bd85-4a09-b2e2-7a2c420e8f81-1536x692.jpg 1536w, https:\/\/www.evasionmezenc.com\/wp-content\/uploads\/2024\/06\/4228730d-bd85-4a09-b2e2-7a2c420e8f81-830x374.jpg 830w, https:\/\/www.evasionmezenc.com\/wp-content\/uploads\/2024\/06\/4228730d-bd85-4a09-b2e2-7a2c420e8f81-230x104.jpg 230w, https:\/\/www.evasionmezenc.com\/wp-content\/uploads\/2024\/06\/4228730d-bd85-4a09-b2e2-7a2c420e8f81-350x158.jpg 350w, https:\/\/www.evasionmezenc.com\/wp-content\/uploads\/2024\/06\/4228730d-bd85-4a09-b2e2-7a2c420e8f81-480x216.jpg 480w\" sizes=\"auto, (max-width: 1536px) 100vw, 1536px\" \/>\n\t<\/div>\n\n<\/div><div class=\"modula-item\" data-width=\"3\" data-height=\"4\" >\n\t<div class=\"modula-item-content\">\n\t\t\n\t\t\t\t\t<a data-image-id=\"1828\" role=\"button\" data-elementor-open-lightbox=\"no\" tabindex=\"0\" rel=\"jtg-1500\" data-caption=\"\" aria-label=\"Open image in lightbox\" class=\"tile-inner modula-item-link\"><\/a>\n\t\t\n\t\t<img loading=\"lazy\" decoding=\"async\" class=\"pic wp-image-1828\"  data-valign=\"middle\" data-halign=\"center\" alt=\"\" data-full=\"https:\/\/www.evasionmezenc.com\/wp-content\/uploads\/2025\/08\/WhatsApp-Image-2025-08-27-a-16.35.16_7643ad57-1.jpg\" title=\"WhatsApp Image 2025-08-27 \u00e0 16.35.16_7643ad57\" crop=\"\" width=\"1440\" height=\"1440\" src=\"https:\/\/www.evasionmezenc.com\/wp-content\/uploads\/2025\/08\/WhatsApp-Image-2025-08-27-a-16.35.16_7643ad57-1.jpg\" data-src=\"https:\/\/www.evasionmezenc.com\/wp-content\/uploads\/2025\/08\/WhatsApp-Image-2025-08-27-a-16.35.16_7643ad57-1.jpg\" data-caption=\"\" srcset=\"https:\/\/www.evasionmezenc.com\/wp-content\/uploads\/2025\/08\/WhatsApp-Image-2025-08-27-a-16.35.16_7643ad57-1.jpg 1440w, https:\/\/www.evasionmezenc.com\/wp-content\/uploads\/2025\/08\/WhatsApp-Image-2025-08-27-a-16.35.16_7643ad57-1-300x300.jpg 300w, https:\/\/www.evasionmezenc.com\/wp-content\/uploads\/2025\/08\/WhatsApp-Image-2025-08-27-a-16.35.16_7643ad57-1-1024x1024.jpg 1024w, https:\/\/www.evasionmezenc.com\/wp-content\/uploads\/2025\/08\/WhatsApp-Image-2025-08-27-a-16.35.16_7643ad57-1-150x150.jpg 150w, https:\/\/www.evasionmezenc.com\/wp-content\/uploads\/2025\/08\/WhatsApp-Image-2025-08-27-a-16.35.16_7643ad57-1-768x768.jpg 768w, https:\/\/www.evasionmezenc.com\/wp-content\/uploads\/2025\/08\/WhatsApp-Image-2025-08-27-a-16.35.16_7643ad57-1-830x830.jpg 830w, https:\/\/www.evasionmezenc.com\/wp-content\/uploads\/2025\/08\/WhatsApp-Image-2025-08-27-a-16.35.16_7643ad57-1-230x230.jpg 230w, https:\/\/www.evasionmezenc.com\/wp-content\/uploads\/2025\/08\/WhatsApp-Image-2025-08-27-a-16.35.16_7643ad57-1-350x350.jpg 350w, https:\/\/www.evasionmezenc.com\/wp-content\/uploads\/2025\/08\/WhatsApp-Image-2025-08-27-a-16.35.16_7643ad57-1-480x480.jpg 480w\" sizes=\"auto, (max-width: 1440px) 100vw, 1440px\" \/>\n\t<\/div>\n\n<\/div><div class=\"modula-item\" data-width=\"6\" data-height=\"3\" >\n\t<div class=\"modula-item-content\">\n\t\t\n\t\t\t\t\t<a data-image-id=\"1744\" role=\"button\" data-elementor-open-lightbox=\"no\" tabindex=\"0\" rel=\"jtg-1500\" data-caption=\"\" aria-label=\"Open image in lightbox\" class=\"tile-inner modula-item-link\"><\/a>\n\t\t\n\t\t<img loading=\"lazy\" decoding=\"async\" class=\"pic wp-image-1744\"  data-valign=\"middle\" data-halign=\"center\" alt=\"\" data-full=\"https:\/\/www.evasionmezenc.com\/wp-content\/uploads\/2024\/06\/12d04f6c-05f0-4cd1-8d4e-bbe01d2714da.jpg\" title=\"12d04f6c-05f0-4cd1-8d4e-bbe01d2714da\" crop=\"\" width=\"1536\" height=\"692\" src=\"https:\/\/www.evasionmezenc.com\/wp-content\/uploads\/2024\/06\/12d04f6c-05f0-4cd1-8d4e-bbe01d2714da-1536x692.jpg\" data-src=\"https:\/\/www.evasionmezenc.com\/wp-content\/uploads\/2024\/06\/12d04f6c-05f0-4cd1-8d4e-bbe01d2714da-1536x692.jpg\" data-caption=\"\" srcset=\"https:\/\/www.evasionmezenc.com\/wp-content\/uploads\/2024\/06\/12d04f6c-05f0-4cd1-8d4e-bbe01d2714da.jpg 2016w, https:\/\/www.evasionmezenc.com\/wp-content\/uploads\/2024\/06\/12d04f6c-05f0-4cd1-8d4e-bbe01d2714da-300x135.jpg 300w, https:\/\/www.evasionmezenc.com\/wp-content\/uploads\/2024\/06\/12d04f6c-05f0-4cd1-8d4e-bbe01d2714da-1024x461.jpg 1024w, https:\/\/www.evasionmezenc.com\/wp-content\/uploads\/2024\/06\/12d04f6c-05f0-4cd1-8d4e-bbe01d2714da-768x346.jpg 768w, https:\/\/www.evasionmezenc.com\/wp-content\/uploads\/2024\/06\/12d04f6c-05f0-4cd1-8d4e-bbe01d2714da-1536x692.jpg 1536w, https:\/\/www.evasionmezenc.com\/wp-content\/uploads\/2024\/06\/12d04f6c-05f0-4cd1-8d4e-bbe01d2714da-830x374.jpg 830w, https:\/\/www.evasionmezenc.com\/wp-content\/uploads\/2024\/06\/12d04f6c-05f0-4cd1-8d4e-bbe01d2714da-230x104.jpg 230w, https:\/\/www.evasionmezenc.com\/wp-content\/uploads\/2024\/06\/12d04f6c-05f0-4cd1-8d4e-bbe01d2714da-350x158.jpg 350w, https:\/\/www.evasionmezenc.com\/wp-content\/uploads\/2024\/06\/12d04f6c-05f0-4cd1-8d4e-bbe01d2714da-480x216.jpg 480w\" sizes=\"auto, (max-width: 1536px) 100vw, 1536px\" \/>\n\t<\/div>\n\n<\/div><div class=\"modula-item\" data-width=\"6\" data-height=\"2\" >\n\t<div class=\"modula-item-content\">\n\t\t\n\t\t\t\t\t<a data-image-id=\"1746\" role=\"button\" data-elementor-open-lightbox=\"no\" tabindex=\"0\" rel=\"jtg-1500\" data-caption=\"\" aria-label=\"Open image in lightbox\" class=\"tile-inner modula-item-link\"><\/a>\n\t\t\n\t\t<img loading=\"lazy\" decoding=\"async\" class=\"pic wp-image-1746\"  data-valign=\"middle\" data-halign=\"center\" alt=\"\" data-full=\"https:\/\/www.evasionmezenc.com\/wp-content\/uploads\/2024\/06\/aa75738c-521c-44d8-a735-fda39091dc3a-1.jpg\" title=\"aa75738c-521c-44d8-a735-fda39091dc3a\" crop=\"\" width=\"1536\" height=\"692\" src=\"https:\/\/www.evasionmezenc.com\/wp-content\/uploads\/2024\/06\/aa75738c-521c-44d8-a735-fda39091dc3a-1-1536x692.jpg\" data-src=\"https:\/\/www.evasionmezenc.com\/wp-content\/uploads\/2024\/06\/aa75738c-521c-44d8-a735-fda39091dc3a-1-1536x692.jpg\" data-caption=\"\" srcset=\"https:\/\/www.evasionmezenc.com\/wp-content\/uploads\/2024\/06\/aa75738c-521c-44d8-a735-fda39091dc3a-1.jpg 2016w, https:\/\/www.evasionmezenc.com\/wp-content\/uploads\/2024\/06\/aa75738c-521c-44d8-a735-fda39091dc3a-1-300x135.jpg 300w, https:\/\/www.evasionmezenc.com\/wp-content\/uploads\/2024\/06\/aa75738c-521c-44d8-a735-fda39091dc3a-1-1024x461.jpg 1024w, https:\/\/www.evasionmezenc.com\/wp-content\/uploads\/2024\/06\/aa75738c-521c-44d8-a735-fda39091dc3a-1-768x346.jpg 768w, https:\/\/www.evasionmezenc.com\/wp-content\/uploads\/2024\/06\/aa75738c-521c-44d8-a735-fda39091dc3a-1-1536x692.jpg 1536w, https:\/\/www.evasionmezenc.com\/wp-content\/uploads\/2024\/06\/aa75738c-521c-44d8-a735-fda39091dc3a-1-830x374.jpg 830w, https:\/\/www.evasionmezenc.com\/wp-content\/uploads\/2024\/06\/aa75738c-521c-44d8-a735-fda39091dc3a-1-230x104.jpg 230w, https:\/\/www.evasionmezenc.com\/wp-content\/uploads\/2024\/06\/aa75738c-521c-44d8-a735-fda39091dc3a-1-350x158.jpg 350w, https:\/\/www.evasionmezenc.com\/wp-content\/uploads\/2024\/06\/aa75738c-521c-44d8-a735-fda39091dc3a-1-480x216.jpg 480w\" sizes=\"auto, (max-width: 1536px) 100vw, 1536px\" \/>\n\t<\/div>\n\n<\/div>\t\t\n\t<\/div>\n\n\t\n\t\n\t<script type=\"application\/ld+json\">\n\t{\n\t\t\"@context\": \"http:\/\/schema.org\",\n\t\t\"@type\"   : \"ImageGallery\",\n\t\t\"id\"      : \"https:\/\/www.evasionmezenc.com\/index.php\/la-renovation-en-travaux\/\",\n\t\t\"url\"     : \"https:\/\/www.evasionmezenc.com\/index.php\/la-renovation-en-travaux\/\"\n\t}\n\n\t<\/script>\n\n\t\n<\/div>\n\t\t<\/div>\n\t\t\t\t<\/div>\n\t\t\t\t\t\t<\/div>\n\t\t\t<\/div>\n\t\t<\/div>\n\t\t\t\t\t\t<\/div>\n\t\t\t<\/div>\n\t\t<\/section>\n\t\t\t\t\t\t<\/div>\n\t\t\t<\/div>\n\t\t<\/div>\n\t\t","protected":false},"excerpt":{"rendered":"<p>La r\u00e9novation deMatagot a d\u00e9but\u00e9 en 2024 et de belles choses restent \u00e0 venir Edit gallery<\/p>\n","protected":false},"author":1,"featured_media":0,"parent":0,"menu_order":0,"comment_status":"closed","ping_status":"closed","template":"elementor_header_footer","meta":{"footnotes":""},"class_list":["post-1449","page","type-page","status-publish","hentry"],"_links":{"self":[{"href":"https:\/\/www.evasionmezenc.com\/index.php\/wp-json\/wp\/v2\/pages\/1449","targetHints":{"allow":["GET"]}}],"collection":[{"href":"https:\/\/www.evasionmezenc.com\/index.php\/wp-json\/wp\/v2\/pages"}],"about":[{"href":"https:\/\/www.evasionmezenc.com\/index.php\/wp-json\/wp\/v2\/types\/page"}],"author":[{"embeddable":true,"href":"https:\/\/www.evasionmezenc.com\/index.php\/wp-json\/wp\/v2\/users\/1"}],"replies":[{"embeddable":true,"href":"https:\/\/www.evasionmezenc.com\/index.php\/wp-json\/wp\/v2\/comments?post=1449"}],"version-history":[{"count":6,"href":"https:\/\/www.evasionmezenc.com\/index.php\/wp-json\/wp\/v2\/pages\/1449\/revisions"}],"predecessor-version":[{"id":1752,"href":"https:\/\/www.evasionmezenc.com\/index.php\/wp-json\/wp\/v2\/pages\/1449\/revisions\/1752"}],"wp:attachment":[{"href":"https:\/\/www.evasionmezenc.com\/index.php\/wp-json\/wp\/v2\/media?parent=1449"}],"curies":[{"name":"wp","href":"https:\/\/api.w.org\/{rel}","templated":true}]}}